{"id":741,"date":"2023-12-17T22:55:24","date_gmt":"2023-12-17T20:55:24","guid":{"rendered":"http:\/\/www.botiga-upf.com\/producte\/camiseta-eco-gris-logo-rojo\/"},"modified":"2025-02-13T13:42:19","modified_gmt":"2025-02-13T11:42:19","slug":"camiseta-eco-gris-logo-rojo","status":"publish","type":"product","link":"https:\/\/botiga-upf.com\/es\/producte\/camiseta-eco-gris-logo-rojo\/","title":{"rendered":"Camiseta ECO gris con el logo de la UPF rojo"},"content":{"rendered":"<p>Camiseta tubular unisex gris de manga corta. De algod\u00f3n org\u00e1nico en conversi\u00f3n. Cuello redondo en canal\u00e9 con elastano. Refuerzo de costuras en el cuello a tono con la prenda. Acabado de doble repunte en el bajo de mangas y de la prenda. Logo de la UPF rojo en la parte frontal.<\/p>\n<p>Certificado STANDARD 100 by OEKO-TEX\u00aeN\u00b0 CQ1007\/7, IFTH<\/p>\n<p><strong>Composici\u00f3n:<\/strong> 100% algod\u00f3n org\u00e1nico<\/p>\n<p><img decoding=\"async\" class=\"wp-image-14832 alignleft\" src=\"http:\/\/upc-shop.com\/wp-content\/uploads\/2023\/06\/icono-oetko-grey-1-300x106.png\" alt=\"\" width=\"84\" height=\"30\" \/> <img decoding=\"async\" class=\"wp-image-14839 alignleft\" src=\"http:\/\/upc-shop.com\/wp-content\/uploads\/2023\/07\/icono-algodon-organico-100-300x300.png\" alt=\"\" width=\"40\" height=\"40\" \/><img decoding=\"async\" class=\"wp-image-14842 alignleft\" src=\"http:\/\/upc-shop.com\/wp-content\/uploads\/2023\/07\/icono-GOTS_grey.png\" alt=\"\" width=\"40\" height=\"40\" \/> <img loading=\"lazy\" decoding=\"async\" class=\"alignnone wp-image-3151\" src=\"http:\/\/www.uocshop.com\/wp-content\/uploads\/2023\/06\/LOGO-COMPROMIS-SOCIAL-287x300.png\" alt=\"\" width=\"39\" height=\"41\" \/><\/p>\n","protected":false},"excerpt":{"rendered":"<p>Camiseta tubular unisex gris de manga corta. De algod\u00f3n org\u00e1nico en conversi\u00f3n. Cuello redondo en canal\u00e9 con elastano. Refuerzo de costuras en el cuello a tono con la prenda. Acabado de doble repunte en el bajo de mangas y de la prenda. Logo de la UPF rojo en la parte frontal. Certificado STANDARD 100 by [&hellip;]<\/p>\n","protected":false},"featured_media":631,"comment_status":"open","ping_status":"closed","template":"","meta":{"ocean_post_layout":"","ocean_both_sidebars_style":"","ocean_both_sidebars_content_width":0,"ocean_both_sidebars_sidebars_width":0,"ocean_sidebar":"0","ocean_second_sidebar":"0","ocean_disable_margins":"enable","ocean_add_body_class":"","ocean_shortcode_before_top_bar":"","ocean_shortcode_after_top_bar":"","ocean_shortcode_before_header":"","ocean_shortcode_after_header":"","ocean_has_shortcode":"","ocean_shortcode_after_title":"","ocean_shortcode_before_footer_widgets":"","ocean_shortcode_after_footer_widgets":"","ocean_shortcode_before_footer_bottom":"","ocean_shortcode_after_footer_bottom":"","ocean_display_top_bar":"default","ocean_display_header":"default","ocean_header_style":"","ocean_center_header_left_menu":"0","ocean_custom_header_template":"0","ocean_custom_logo":0,"ocean_custom_retina_logo":0,"ocean_custom_logo_max_width":0,"ocean_custom_logo_tablet_max_width":0,"ocean_custom_logo_mobile_max_width":0,"ocean_custom_logo_max_height":0,"ocean_custom_logo_tablet_max_height":0,"ocean_custom_logo_mobile_max_height":0,"ocean_header_custom_menu":"0","ocean_menu_typo_font_family":"0","ocean_menu_typo_font_subset":"","ocean_menu_typo_font_size":0,"ocean_menu_typo_font_size_tablet":0,"ocean_menu_typo_font_size_mobile":0,"ocean_menu_typo_font_size_unit":"px","ocean_menu_typo_font_weight":"","ocean_menu_typo_font_weight_tablet":"","ocean_menu_typo_font_weight_mobile":"","ocean_menu_typo_transform":"","ocean_menu_typo_transform_tablet":"","ocean_menu_typo_transform_mobile":"","ocean_menu_typo_line_height":0,"ocean_menu_typo_line_height_tablet":0,"ocean_menu_typo_line_height_mobile":0,"ocean_menu_typo_line_height_unit":"","ocean_menu_typo_spacing":0,"ocean_menu_typo_spacing_tablet":0,"ocean_menu_typo_spacing_mobile":0,"ocean_menu_typo_spacing_unit":"","ocean_menu_link_color":"","ocean_menu_link_color_hover":"","ocean_menu_link_color_active":"","ocean_menu_link_background":"","ocean_menu_link_hover_background":"","ocean_menu_link_active_background":"","ocean_menu_social_links_bg":"","ocean_menu_social_hover_links_bg":"","ocean_menu_social_links_color":"","ocean_menu_social_hover_links_color":"","ocean_disable_title":"default","ocean_disable_heading":"default","ocean_post_title":"","ocean_post_subheading":"","ocean_post_title_style":"","ocean_post_title_background_color":"","ocean_post_title_background":0,"ocean_post_title_bg_image_position":"","ocean_post_title_bg_image_attachment":"","ocean_post_title_bg_image_repeat":"","ocean_post_title_bg_image_size":"","ocean_post_title_height":0,"ocean_post_title_bg_overlay":0.5,"ocean_post_title_bg_overlay_color":"","ocean_disable_breadcrumbs":"default","ocean_breadcrumbs_color":"","ocean_breadcrumbs_separator_color":"","ocean_breadcrumbs_links_color":"","ocean_breadcrumbs_links_hover_color":"","ocean_display_footer_widgets":"default","ocean_display_footer_bottom":"default","ocean_custom_footer_template":"0"},"product_brand":[],"product_cat":[44],"product_tag":[],"class_list":{"0":"post-741","1":"product","2":"type-product","3":"status-publish","4":"has-post-thumbnail","6":"product_cat-textil-es","8":"entry","9":"has-media","11":"first","12":"instock","13":"shipping-taxable","14":"purchasable","15":"product-type-variable","16":"col","17":"span_1_of_4","18":"owp-content-left","19":"item-entry","20":"owp-thumbs-layout-horizontal","21":"owp-btn-normal","22":"owp-tabs-layout-horizontal","23":"has-no-thumbnails"},"_links":{"self":[{"href":"https:\/\/botiga-upf.com\/es\/wp-json\/wp\/v2\/product\/741","targetHints":{"allow":["GET"]}}],"collection":[{"href":"https:\/\/botiga-upf.com\/es\/wp-json\/wp\/v2\/product"}],"about":[{"href":"https:\/\/botiga-upf.com\/es\/wp-json\/wp\/v2\/types\/product"}],"replies":[{"embeddable":true,"href":"https:\/\/botiga-upf.com\/es\/wp-json\/wp\/v2\/comments?post=741"}],"wp:featuredmedia":[{"embeddable":true,"href":"https:\/\/botiga-upf.com\/es\/wp-json\/wp\/v2\/media\/631"}],"wp:attachment":[{"href":"https:\/\/botiga-upf.com\/es\/wp-json\/wp\/v2\/media?parent=741"}],"wp:term":[{"taxonomy":"product_brand","embeddable":true,"href":"https:\/\/botiga-upf.com\/es\/wp-json\/wp\/v2\/product_brand?post=741"},{"taxonomy":"product_cat","embeddable":true,"href":"https:\/\/botiga-upf.com\/es\/wp-json\/wp\/v2\/product_cat?post=741"},{"taxonomy":"product_tag","embeddable":true,"href":"https:\/\/botiga-upf.com\/es\/wp-json\/wp\/v2\/product_tag?post=741"}],"curies":[{"name":"wp","href":"https:\/\/api.w.org\/{rel}","templated":true}]}}