{"id":718,"date":"2023-12-04T15:42:24","date_gmt":"2023-12-04T13:42:24","guid":{"rendered":"http:\/\/www.botiga-upf.com\/producte\/camiseta-tecnica\/"},"modified":"2025-02-13T13:45:38","modified_gmt":"2025-02-13T11:45:38","slug":"camiseta-tecnica","status":"publish","type":"product","link":"https:\/\/botiga-upf.com\/es\/producte\/camiseta-tecnica\/","title":{"rendered":"Camiseta t\u00e9cnica UPF"},"content":{"rendered":"<p>Camiseta t\u00e9cnica unisex con el logo de la UPF negro en la parte de la espalda. Tejido ligero de secado r\u00e1pido. Cuello redondo con refuerzo de costuras. Manga ragl\u00e1n con repunte especial. Acabado con doble repunte en el cuello, bajo de mangas y de la prenda.<\/p>\n<p>Certificado STANDARD 100 by OEKO-TEX\u00ae N\u00b0 CQ 1007\/7, IFTH<\/p>\n<p><strong>Composici\u00f3n:<\/strong> 100% poli\u00e9ster<\/p>\n<p><img decoding=\"async\" class=\"wp-image-14832 alignleft\" src=\"http:\/\/upc-shop.com\/wp-content\/uploads\/2023\/06\/icono-oetko-grey-1-300x106.png\" alt=\"\" width=\"84\" height=\"30\" \/> <img decoding=\"async\" class=\"alignnone wp-image-3151\" src=\"http:\/\/www.uocshop.com\/wp-content\/uploads\/2023\/06\/LOGO-COMPROMIS-SOCIAL-287x300.png\" alt=\"\" width=\"39\" height=\"41\" \/><\/p>\n","protected":false},"excerpt":{"rendered":"<p>Camiseta t\u00e9cnica unisex con el logo de la UPF negro en la parte de la espalda. Tejido ligero de secado r\u00e1pido. Cuello redondo con refuerzo de costuras. Manga ragl\u00e1n con repunte especial. Acabado con doble repunte en el cuello, bajo de mangas y de la prenda. Certificado STANDARD 100 by OEKO-TEX\u00ae N\u00b0 CQ 1007\/7, IFTH [&hellip;]<\/p>\n","protected":false},"featured_media":635,"comment_status":"open","ping_status":"closed","template":"","meta":{"ocean_post_layout":"","ocean_both_sidebars_style":"","ocean_both_sidebars_content_width":0,"ocean_both_sidebars_sidebars_width":0,"ocean_sidebar":"0","ocean_second_sidebar":"0","ocean_disable_margins":"enable","ocean_add_body_class":"","ocean_shortcode_before_top_bar":"","ocean_shortcode_after_top_bar":"","ocean_shortcode_before_header":"","ocean_shortcode_after_header":"","ocean_has_shortcode":"","ocean_shortcode_after_title":"","ocean_shortcode_before_footer_widgets":"","ocean_shortcode_after_footer_widgets":"","ocean_shortcode_before_footer_bottom":"","ocean_shortcode_after_footer_bottom":"","ocean_display_top_bar":"default","ocean_display_header":"default","ocean_header_style":"","ocean_center_header_left_menu":"0","ocean_custom_header_template":"0","ocean_custom_logo":0,"ocean_custom_retina_logo":0,"ocean_custom_logo_max_width":0,"ocean_custom_logo_tablet_max_width":0,"ocean_custom_logo_mobile_max_width":0,"ocean_custom_logo_max_height":0,"ocean_custom_logo_tablet_max_height":0,"ocean_custom_logo_mobile_max_height":0,"ocean_header_custom_menu":"0","ocean_menu_typo_font_family":"0","ocean_menu_typo_font_subset":"","ocean_menu_typo_font_size":0,"ocean_menu_typo_font_size_tablet":0,"ocean_menu_typo_font_size_mobile":0,"ocean_menu_typo_font_size_unit":"px","ocean_menu_typo_font_weight":"","ocean_menu_typo_font_weight_tablet":"","ocean_menu_typo_font_weight_mobile":"","ocean_menu_typo_transform":"","ocean_menu_typo_transform_tablet":"","ocean_menu_typo_transform_mobile":"","ocean_menu_typo_line_height":0,"ocean_menu_typo_line_height_tablet":0,"ocean_menu_typo_line_height_mobile":0,"ocean_menu_typo_line_height_unit":"","ocean_menu_typo_spacing":0,"ocean_menu_typo_spacing_tablet":0,"ocean_menu_typo_spacing_mobile":0,"ocean_menu_typo_spacing_unit":"","ocean_menu_link_color":"","ocean_menu_link_color_hover":"","ocean_menu_link_color_active":"","ocean_menu_link_background":"","ocean_menu_link_hover_background":"","ocean_menu_link_active_background":"","ocean_menu_social_links_bg":"","ocean_menu_social_hover_links_bg":"","ocean_menu_social_links_color":"","ocean_menu_social_hover_links_color":"","ocean_disable_title":"default","ocean_disable_heading":"default","ocean_post_title":"","ocean_post_subheading":"","ocean_post_title_style":"","ocean_post_title_background_color":"","ocean_post_title_background":0,"ocean_post_title_bg_image_position":"","ocean_post_title_bg_image_attachment":"","ocean_post_title_bg_image_repeat":"","ocean_post_title_bg_image_size":"","ocean_post_title_height":0,"ocean_post_title_bg_overlay":0.5,"ocean_post_title_bg_overlay_color":"","ocean_disable_breadcrumbs":"default","ocean_breadcrumbs_color":"","ocean_breadcrumbs_separator_color":"","ocean_breadcrumbs_links_color":"","ocean_breadcrumbs_links_hover_color":"","ocean_display_footer_widgets":"default","ocean_display_footer_bottom":"default","ocean_custom_footer_template":"0"},"product_brand":[],"product_cat":[44],"product_tag":[],"class_list":{"0":"post-718","1":"product","2":"type-product","3":"status-publish","4":"has-post-thumbnail","6":"product_cat-textil-es","8":"entry","9":"has-media","11":"first","12":"instock","13":"shipping-taxable","14":"purchasable","15":"product-type-variable","16":"col","17":"span_1_of_4","18":"owp-content-left","19":"item-entry","20":"owp-thumbs-layout-horizontal","21":"owp-btn-normal","22":"owp-tabs-layout-horizontal"},"_links":{"self":[{"href":"https:\/\/botiga-upf.com\/es\/wp-json\/wp\/v2\/product\/718","targetHints":{"allow":["GET"]}}],"collection":[{"href":"https:\/\/botiga-upf.com\/es\/wp-json\/wp\/v2\/product"}],"about":[{"href":"https:\/\/botiga-upf.com\/es\/wp-json\/wp\/v2\/types\/product"}],"replies":[{"embeddable":true,"href":"https:\/\/botiga-upf.com\/es\/wp-json\/wp\/v2\/comments?post=718"}],"wp:featuredmedia":[{"embeddable":true,"href":"https:\/\/botiga-upf.com\/es\/wp-json\/wp\/v2\/media\/635"}],"wp:attachment":[{"href":"https:\/\/botiga-upf.com\/es\/wp-json\/wp\/v2\/media?parent=718"}],"wp:term":[{"taxonomy":"product_brand","embeddable":true,"href":"https:\/\/botiga-upf.com\/es\/wp-json\/wp\/v2\/product_brand?post=718"},{"taxonomy":"product_cat","embeddable":true,"href":"https:\/\/botiga-upf.com\/es\/wp-json\/wp\/v2\/product_cat?post=718"},{"taxonomy":"product_tag","embeddable":true,"href":"https:\/\/botiga-upf.com\/es\/wp-json\/wp\/v2\/product_tag?post=718"}],"curies":[{"name":"wp","href":"https:\/\/api.w.org\/{rel}","templated":true}]}}