{"id":662,"date":"2023-11-19T00:18:16","date_gmt":"2023-11-18T22:18:16","guid":{"rendered":"http:\/\/www.botiga-upf.com\/contacto\/"},"modified":"2024-01-21T00:23:48","modified_gmt":"2024-01-20T22:23:48","slug":"contacto","status":"publish","type":"page","link":"https:\/\/botiga-upf.com\/es\/contacto\/","title":{"rendered":"Contacto"},"content":{"rendered":"\t\t<div data-elementor-type=\"wp-page\" data-elementor-id=\"662\" class=\"elementor elementor-662 elementor-24\">\n\t\t\t\t<div class=\"elementor-element elementor-element-ee53467 e-flex e-con-boxed e-con e-parent\" data-id=\"ee53467\" data-element_type=\"container\" data-e-type=\"container\">\n\t\t\t\t\t<div class=\"e-con-inner\">\n\t\t\t\t<div class=\"elementor-element elementor-element-ad3c74a elementor-widget elementor-widget-heading\" data-id=\"ad3c74a\" data-element_type=\"widget\" data-e-type=\"widget\" data-widget_type=\"heading.default\">\n\t\t\t\t<div class=\"elementor-widget-container\">\n\t\t\t\t\t<h2 class=\"elementor-heading-title elementor-size-default\">Contacto<\/h2>\t\t\t\t<\/div>\n\t\t\t\t<\/div>\n\t\t\t\t\t<\/div>\n\t\t\t\t<\/div>\n\t\t<div class=\"elementor-element elementor-element-2bab096 e-flex e-con-boxed e-con e-parent\" data-id=\"2bab096\" data-element_type=\"container\" data-e-type=\"container\">\n\t\t\t\t\t<div class=\"e-con-inner\">\n\t\t\t\t<div class=\"elementor-element elementor-element-245bad1 elementor-widget elementor-widget-wpforms\" data-id=\"245bad1\" data-element_type=\"widget\" data-e-type=\"widget\" data-widget_type=\"wpforms.default\">\n\t\t\t\t<div class=\"elementor-widget-container\">\n\t\t\t\t\t<div class=\"wpforms-container wpforms-container-full wpforms-render-modern\" id=\"wpforms-812\"><form id=\"wpforms-form-812\" class=\"wpforms-validate wpforms-form wpforms-ajax-form\" data-formid=\"812\" method=\"post\" enctype=\"multipart\/form-data\" action=\"\/es\/wp-json\/wp\/v2\/pages\/662\" data-token=\"fcafc38d062d10a5ea35a2e67ae42f31\" data-token-time=\"1778144508\"><noscript class=\"wpforms-error-noscript\">Por favor, activa JavaScript en tu navegador para completar este formulario.<\/noscript><div id=\"wpforms-error-noscript\" style=\"display: none;\">Por favor, activa JavaScript en tu navegador para completar este formulario.<\/div><div class=\"wpforms-field-container\"><div id=\"wpforms-812-field_0-container\" class=\"wpforms-field wpforms-field-name\" data-field-id=\"0\"><fieldset><legend class=\"wpforms-field-label\">Nombre <span class=\"wpforms-required-label\" aria-hidden=\"true\">*<\/span><\/legend><div class=\"wpforms-field-row wpforms-field-medium\"><div class=\"wpforms-field-row-block wpforms-first wpforms-one-half\"><input type=\"text\" id=\"wpforms-812-field_0\" class=\"wpforms-field-name-first wpforms-field-required\" name=\"wpforms[fields][0][first]\" aria-errormessage=\"wpforms-812-field_0-error\" required><label for=\"wpforms-812-field_0\" class=\"wpforms-field-sublabel after\">Nombre<\/label><\/div><div class=\"wpforms-field-row-block wpforms-one-half\"><input type=\"text\" id=\"wpforms-812-field_0-last\" class=\"wpforms-field-name-last wpforms-field-required\" name=\"wpforms[fields][0][last]\" aria-errormessage=\"wpforms-812-field_0-last-error\" required><label for=\"wpforms-812-field_0-last\" class=\"wpforms-field-sublabel after\">Apellidos<\/label><\/div><\/div><\/fieldset><\/div><div id=\"wpforms-812-field_4-container\" class=\"wpforms-field wpforms-field-text\" data-field-id=\"4\"><label class=\"wpforms-field-label\" for=\"wpforms-812-field_4\">Tel\u00e9fono<\/label><input type=\"text\" id=\"wpforms-812-field_4\" class=\"wpforms-field-medium\" name=\"wpforms[fields][4]\" aria-errormessage=\"wpforms-812-field_4-error\" ><\/div><div id=\"wpforms-812-field_1-container\" class=\"wpforms-field wpforms-field-email\" data-field-id=\"1\"><label class=\"wpforms-field-label\" for=\"wpforms-812-field_1\">Correo electr\u00f3nico <span class=\"wpforms-required-label\" aria-hidden=\"true\">*<\/span><\/label><input type=\"email\" id=\"wpforms-812-field_1\" class=\"wpforms-field-medium wpforms-field-required\" name=\"wpforms[fields][1]\" spellcheck=\"false\" aria-errormessage=\"wpforms-812-field_1-error\" required><\/div><div id=\"wpforms-812-field_5-container\" class=\"wpforms-field wpforms-field-text\" data-field-id=\"5\"><label class=\"wpforms-field-label\" for=\"wpforms-812-field_5\">N\u00famero de pedido<\/label><input type=\"text\" id=\"wpforms-812-field_5\" class=\"wpforms-field-medium\" name=\"wpforms[fields][5]\" aria-errormessage=\"wpforms-812-field_5-error\" ><\/div><div id=\"wpforms-812-field_2-container\" class=\"wpforms-field wpforms-field-textarea\" data-field-id=\"2\"><label class=\"wpforms-field-label\" for=\"wpforms-812-field_2\">Mensage <span class=\"wpforms-required-label\" aria-hidden=\"true\">*<\/span><\/label><textarea id=\"wpforms-812-field_2\" class=\"wpforms-field-medium wpforms-field-required\" name=\"wpforms[fields][2]\" aria-errormessage=\"wpforms-812-field_2-error\" required><\/textarea><\/div><div id=\"wpforms-812-field_6-container\" class=\"wpforms-field wpforms-field-checkbox\" data-field-id=\"6\"><fieldset><legend class=\"wpforms-field-label wpforms-label-hide\" aria-hidden=\"false\">Privacitat <span class=\"wpforms-required-label\" aria-hidden=\"true\">*<\/span><\/legend><ul id=\"wpforms-812-field_6\" class=\"wpforms-field-required\"><li class=\"choice-1 depth-1\"><input type=\"checkbox\" id=\"wpforms-812-field_6_1\" name=\"wpforms[fields][6][]\" value=\"Acepto la  &lt;a href=&quot;http:\/\/www.botiga-upf.com\/es\/politica-de-privacidad\/&quot;&gt;pol\u00edtica de privacidad&lt;\/a&gt;.\" aria-errormessage=\"wpforms-812-field_6_1-error\" required ><label class=\"wpforms-field-label-inline\" for=\"wpforms-812-field_6_1\">Acepto la  <a href=\"http:\/\/www.botiga-upf.com\/es\/politica-de-privacidad\/\">pol\u00edtica de privacidad<\/a>.<\/label><\/li><\/ul><\/fieldset><\/div><\/div><!-- .wpforms-field-container --><div class=\"wpforms-submit-container\" ><input type=\"hidden\" name=\"wpforms[id]\" value=\"812\"><input type=\"hidden\" name=\"page_title\" value=\"\"><input type=\"hidden\" name=\"page_url\" value=\"https:\/\/botiga-upf.com\/es\/wp-json\/wp\/v2\/pages\/662\"><input type=\"hidden\" name=\"url_referer\" value=\"\"><button type=\"submit\" name=\"wpforms[submit]\" id=\"wpforms-submit-812\" class=\"wpforms-submit\" data-alt-text=\"Se est\u00e1 enviando...\" data-submit-text=\"Enviar\" aria-live=\"assertive\" value=\"wpforms-submit\">Enviar<\/button><img decoding=\"async\" src=\"https:\/\/botiga-upf.com\/wp-content\/plugins\/wpforms-lite\/assets\/images\/submit-spin.svg\" class=\"wpforms-submit-spinner\" style=\"display: none;\" width=\"26\" height=\"26\" alt=\"Cargando\"><\/div><\/form><\/div>  <!-- .wpforms-container -->\t\t\t\t<\/div>\n\t\t\t\t<\/div>\n\t\t\t\t\t<\/div>\n\t\t\t\t<\/div>\n\t\t<div class=\"elementor-element elementor-element-9afd508 e-flex e-con-boxed e-con e-parent\" data-id=\"9afd508\" data-element_type=\"container\" data-e-type=\"container\">\n\t\t\t\t\t<div class=\"e-con-inner\">\n\t\t\t\t<div class=\"elementor-element elementor-element-36aca87 elementor-widget elementor-widget-text-editor\" data-id=\"36aca87\" data-element_type=\"widget\" data-e-type=\"widget\" data-widget_type=\"text-editor.default\">\n\t\t\t\t<div class=\"elementor-widget-container\">\n\t\t\t\t\t\t\t\t\t<p>De acuerdo con lo que establece la normativa vigente en materia de protecci\u00f3n de datos de car\u00e1cter personal, te informamos de que tus datos se incorporar\u00e1n al sistema de tratamiento titularidad de Empresa de Servicios de Promoci\u00f3n y Publicidad Emede, SL, con CIF B58624180 y domicilio social situado en la calle Nicaragua, 78-82, bajos, local 1, 08029, Barcelona (Espa\u00f1a), con el fin de atender tus consultas y remitirte informaci\u00f3n relacionada que te pueda interesar. En cumplimiento de la normativa vigente, Empresa de Servicios de Promoci\u00f3n y Publicidad Emede, SL, informa que los datos se conservar\u00e1n durante el plazo estrictamente necesario para cumplir con los preceptos mencionados anteriormente. Mientras no nos comuniques lo contrario, se entiende que tus datos no han sido modificados, que te comprometes a notificarnos cualquier variaci\u00f3n y que tenemos tu consentimiento para utilizarlos para los fines mencionados. Empresa de Servicios de Promoci\u00f3n y Publicidad Emede, SL, informa que tratar\u00e1 los datos de forma l\u00edcita, leal, transparente, adecuada, pertinente, limitada, exacta y actualizada. De esta forma, se compromete a adoptar todas las medidas razonables para que los datos se supriman o se rectifiquen sin dilaci\u00f3n cuando sean inexactos. De acuerdo con los derechos que te confiere la normativa vigente en materia de protecci\u00f3n de datos, puedes ejercitar los derechos de acceso, rectificaci\u00f3n, limitaci\u00f3n de tratamiento, supresi\u00f3n, portabilidad y oposici\u00f3n al tratamiento de tus datos de car\u00e1cter personal, as\u00ed como el derecho de consentimiento prestado para poder tratarlas, dirigiendo tu petici\u00f3n a la direcci\u00f3n postal arriba indicada o al correo electr\u00f3nico administracion@emede.com. Asimismo, te informamos que puedes contactar con el delegado de protecci\u00f3n de datos de Empresa de Servicios de Promoci\u00f3n y Publicidad Emede, SL, dirigi\u00e9ndote por escrito a la direcci\u00f3n electr\u00f3nica dpo.cliente@conversia.es o al tel\u00e9fono 902877192. Del mismo modo, puedes dirigirte a la autoridad de control competente para presentar la reclamaci\u00f3n que consideres oportuna. Con el env\u00edo del formulario de recogida de datos, aceptas la pol\u00edtica de privacidad de Empresa de Servicios de Promoci\u00f3n y Publicidad Emede, SL<\/p>\n\t\t\t\t\t\t\t\t<\/div>\n\t\t\t\t<\/div>\n\t\t\t\t<div class=\"elementor-element elementor-element-0d37137 elementor-widget elementor-widget-spacer\" data-id=\"0d37137\" data-element_type=\"widget\" data-e-type=\"widget\" data-widget_type=\"spacer.default\">\n\t\t\t\t<div class=\"elementor-widget-container\">\n\t\t\t\t\t\t\t<div class=\"elementor-spacer\">\n\t\t\t<div class=\"elementor-spacer-inner\"><\/div>\n\t\t<\/div>\n\t\t\t\t\t\t<\/div>\n\t\t\t\t<\/div>\n\t\t\t\t\t<\/div>\n\t\t\t\t<\/div>\n\t\t\t\t<\/div>\n\t\t","protected":false},"excerpt":{"rendered":"<p>Contacto Activeu el JavaScript al navegador per a poder completar el formulari.Activeu el JavaScript al navegador per a poder completar el formulari. Nom * NomCognoms Tel\u00e9fonCorreu electr\u00f2nic *N\u00famero de comandaMissatge * Privacitat * Accepto la pol\u00edtica de privacitat. Envia De acuerdo con lo que establece la normativa vigente en materia de protecci\u00f3n de datos de [&hellip;]<\/p>\n","protected":false},"author":1,"featured_media":0,"parent":0,"menu_order":0,"comment_status":"closed","ping_status":"closed","template":"","meta":{"ocean_post_layout":"","ocean_both_sidebars_style":"","ocean_both_sidebars_content_width":0,"ocean_both_sidebars_sidebars_width":0,"ocean_sidebar":"","ocean_second_sidebar":"","ocean_disable_margins":"enable","ocean_add_body_class":"","ocean_shortcode_before_top_bar":"","ocean_shortcode_after_top_bar":"","ocean_shortcode_before_header":"","ocean_shortcode_after_header":"","ocean_has_shortcode":"","ocean_shortcode_after_title":"","ocean_shortcode_before_footer_widgets":"","ocean_shortcode_after_footer_widgets":"","ocean_shortcode_before_footer_bottom":"","ocean_shortcode_after_footer_bottom":"","ocean_display_top_bar":"default","ocean_display_header":"default","ocean_header_style":"","ocean_center_header_left_menu":"","ocean_custom_header_template":"","ocean_custom_logo":0,"ocean_custom_retina_logo":0,"ocean_custom_logo_max_width":0,"ocean_custom_logo_tablet_max_width":0,"ocean_custom_logo_mobile_max_width":0,"ocean_custom_logo_max_height":0,"ocean_custom_logo_tablet_max_height":0,"ocean_custom_logo_mobile_max_height":0,"ocean_header_custom_menu":"","ocean_menu_typo_font_family":"","ocean_menu_typo_font_subset":"","ocean_menu_typo_font_size":0,"ocean_menu_typo_font_size_tablet":0,"ocean_menu_typo_font_size_mobile":0,"ocean_menu_typo_font_size_unit":"px","ocean_menu_typo_font_weight":"","ocean_menu_typo_font_weight_tablet":"","ocean_menu_typo_font_weight_mobile":"","ocean_menu_typo_transform":"","ocean_menu_typo_transform_tablet":"","ocean_menu_typo_transform_mobile":"","ocean_menu_typo_line_height":0,"ocean_menu_typo_line_height_tablet":0,"ocean_menu_typo_line_height_mobile":0,"ocean_menu_typo_line_height_unit":"","ocean_menu_typo_spacing":0,"ocean_menu_typo_spacing_tablet":0,"ocean_menu_typo_spacing_mobile":0,"ocean_menu_typo_spacing_unit":"","ocean_menu_link_color":"","ocean_menu_link_color_hover":"","ocean_menu_link_color_active":"","ocean_menu_link_background":"","ocean_menu_link_hover_background":"","ocean_menu_link_active_background":"","ocean_menu_social_links_bg":"","ocean_menu_social_hover_links_bg":"","ocean_menu_social_links_color":"","ocean_menu_social_hover_links_color":"","ocean_disable_title":"default","ocean_disable_heading":"default","ocean_post_title":"","ocean_post_subheading":"","ocean_post_title_style":"","ocean_post_title_background_color":"","ocean_post_title_background":0,"ocean_post_title_bg_image_position":"","ocean_post_title_bg_image_attachment":"","ocean_post_title_bg_image_repeat":"","ocean_post_title_bg_image_size":"","ocean_post_title_height":0,"ocean_post_title_bg_overlay":0.5,"ocean_post_title_bg_overlay_color":"","ocean_disable_breadcrumbs":"default","ocean_breadcrumbs_color":"","ocean_breadcrumbs_separator_color":"","ocean_breadcrumbs_links_color":"","ocean_breadcrumbs_links_hover_color":"","ocean_display_footer_widgets":"default","ocean_display_footer_bottom":"default","ocean_custom_footer_template":"","footnotes":""},"class_list":["post-662","page","type-page","status-publish","hentry","entry","owp-thumbs-layout-horizontal","owp-btn-normal","owp-tabs-layout-horizontal","has-no-thumbnails"],"_links":{"self":[{"href":"https:\/\/botiga-upf.com\/es\/wp-json\/wp\/v2\/pages\/662","targetHints":{"allow":["GET"]}}],"collection":[{"href":"https:\/\/botiga-upf.com\/es\/wp-json\/wp\/v2\/pages"}],"about":[{"href":"https:\/\/botiga-upf.com\/es\/wp-json\/wp\/v2\/types\/page"}],"author":[{"embeddable":true,"href":"https:\/\/botiga-upf.com\/es\/wp-json\/wp\/v2\/users\/1"}],"replies":[{"embeddable":true,"href":"https:\/\/botiga-upf.com\/es\/wp-json\/wp\/v2\/comments?post=662"}],"version-history":[{"count":7,"href":"https:\/\/botiga-upf.com\/es\/wp-json\/wp\/v2\/pages\/662\/revisions"}],"predecessor-version":[{"id":819,"href":"https:\/\/botiga-upf.com\/es\/wp-json\/wp\/v2\/pages\/662\/revisions\/819"}],"wp:attachment":[{"href":"https:\/\/botiga-upf.com\/es\/wp-json\/wp\/v2\/media?parent=662"}],"curies":[{"name":"wp","href":"https:\/\/api.w.org\/{rel}","templated":true}]}}