{"id":1426,"date":"2025-01-08T11:29:05","date_gmt":"2025-01-08T09:29:05","guid":{"rendered":"https:\/\/www.botiga-upf.com\/compromiso-social\/"},"modified":"2025-02-13T12:38:47","modified_gmt":"2025-02-13T10:38:47","slug":"compromiso-social","status":"publish","type":"page","link":"https:\/\/botiga-upf.com\/es\/compromiso-social\/","title":{"rendered":"Compromiso social"},"content":{"rendered":"\t\t<div data-elementor-type=\"wp-page\" data-elementor-id=\"1426\" class=\"elementor elementor-1426 elementor-1278\">\n\t\t\t\t<div class=\"elementor-element elementor-element-0a368f1 e-flex e-con-boxed e-con e-parent\" data-id=\"0a368f1\" data-element_type=\"container\" data-e-type=\"container\">\n\t\t\t\t\t<div class=\"e-con-inner\">\n\t\t\t\t<div class=\"elementor-element elementor-element-8d5ddad elementor-widget elementor-widget-heading\" data-id=\"8d5ddad\" data-element_type=\"widget\" data-e-type=\"widget\" data-widget_type=\"heading.default\">\n\t\t\t\t<div class=\"elementor-widget-container\">\n\t\t\t\t\t<h2 class=\"elementor-heading-title elementor-size-default\">Compromiso social<\/h2>\t\t\t\t<\/div>\n\t\t\t\t<\/div>\n\t\t\t\t\t<\/div>\n\t\t\t\t<\/div>\n\t\t<div class=\"elementor-element elementor-element-86f5e92 e-flex e-con-boxed e-con e-parent\" data-id=\"86f5e92\" data-element_type=\"container\" data-e-type=\"container\">\n\t\t\t\t\t<div class=\"e-con-inner\">\n\t\t\t\t<div class=\"elementor-element elementor-element-ae50c26 elementor-position-left elementor-vertical-align-top elementor-widget elementor-widget-image-box\" data-id=\"ae50c26\" data-element_type=\"widget\" data-e-type=\"widget\" data-widget_type=\"image-box.default\">\n\t\t\t\t<div class=\"elementor-widget-container\">\n\t\t\t\t\t<div class=\"elementor-image-box-wrapper\"><figure class=\"elementor-image-box-img\"><img decoding=\"async\" width=\"150\" height=\"150\" src=\"https:\/\/botiga-upf.com\/wp-content\/uploads\/2025\/01\/LOGO-CAPACITATS-ALTERNATIVES-150x150.png\" class=\"attachment-thumbnail size-thumbnail wp-image-1281\" alt=\"\" srcset=\"https:\/\/botiga-upf.com\/wp-content\/uploads\/2025\/01\/LOGO-CAPACITATS-ALTERNATIVES-150x150.png 150w, https:\/\/botiga-upf.com\/wp-content\/uploads\/2025\/01\/LOGO-CAPACITATS-ALTERNATIVES-600x600.png 600w, https:\/\/botiga-upf.com\/wp-content\/uploads\/2025\/01\/LOGO-CAPACITATS-ALTERNATIVES-300x300.png 300w, https:\/\/botiga-upf.com\/wp-content\/uploads\/2025\/01\/LOGO-CAPACITATS-ALTERNATIVES-100x100.png 100w\" sizes=\"(max-width: 150px) 100vw, 150px\" \/><\/figure><div class=\"elementor-image-box-content\"><h2 class=\"elementor-image-box-title\">Personas<\/h2><p class=\"elementor-image-box-description\">Desde Emede nos comprometemos a generar un impacto positivo a trav\u00e9s de nuestra tarea. Fundamentamos la inclusi\u00f3n y la diversidad en nuestras estrategias, asegurando que todas las voces sean representadas de manera equitativa. Operamos con \u00e9tica y transparencia, garantizando relaciones basadas en la confianza y el respeto. Adem\u00e1s, apoyamos a iniciativas sociales que contribuyan al bienestar de nuestra comunidad. Colaboramos con instituciones de inclusi\u00f3n social y divergencia. Busquem no nomBuscamos no solo el \u00e9xito empresarial, sino tambi\u00e9n dejar una impronta positiva en la sociedad y el entorno.\u00e9s l\u2019\u00e8xit empresarial, sin\u00f3 tamb\u00e9 deixar una empremta positiva a la societat i l\u2019entorn.<\/p><\/div><\/div>\t\t\t\t<\/div>\n\t\t\t\t<\/div>\n\t\t\t\t\t<\/div>\n\t\t\t\t<\/div>\n\t\t\t\t<\/div>\n\t\t","protected":false},"excerpt":{"rendered":"<p>Compromiso social Personas Desde Emede nos comprometemos a generar un impacto positivo a trav\u00e9s de nuestra tarea. Fundamentamos la inclusi\u00f3n y la diversidad en nuestras estrategias, asegurando que todas las voces sean representadas de manera equitativa. Operamos con \u00e9tica y transparencia, garantizando relaciones basadas en la confianza y el respeto. Adem\u00e1s, apoyamos a iniciativas sociales [&hellip;]<\/p>\n","protected":false},"author":1,"featured_media":0,"parent":0,"menu_order":0,"comment_status":"closed","ping_status":"closed","template":"","meta":{"ocean_post_layout":"","ocean_both_sidebars_style":"","ocean_both_sidebars_content_width":0,"ocean_both_sidebars_sidebars_width":0,"ocean_sidebar":"","ocean_second_sidebar":"","ocean_disable_margins":"enable","ocean_add_body_class":"","ocean_shortcode_before_top_bar":"","ocean_shortcode_after_top_bar":"","ocean_shortcode_before_header":"","ocean_shortcode_after_header":"","ocean_has_shortcode":"","ocean_shortcode_after_title":"","ocean_shortcode_before_footer_widgets":"","ocean_shortcode_after_footer_widgets":"","ocean_shortcode_before_footer_bottom":"","ocean_shortcode_after_footer_bottom":"","ocean_display_top_bar":"default","ocean_display_header":"default","ocean_header_style":"","ocean_center_header_left_menu":"","ocean_custom_header_template":"","ocean_custom_logo":0,"ocean_custom_retina_logo":0,"ocean_custom_logo_max_width":0,"ocean_custom_logo_tablet_max_width":0,"ocean_custom_logo_mobile_max_width":0,"ocean_custom_logo_max_height":0,"ocean_custom_logo_tablet_max_height":0,"ocean_custom_logo_mobile_max_height":0,"ocean_header_custom_menu":"","ocean_menu_typo_font_family":"","ocean_menu_typo_font_subset":"","ocean_menu_typo_font_size":0,"ocean_menu_typo_font_size_tablet":0,"ocean_menu_typo_font_size_mobile":0,"ocean_menu_typo_font_size_unit":"px","ocean_menu_typo_font_weight":"","ocean_menu_typo_font_weight_tablet":"","ocean_menu_typo_font_weight_mobile":"","ocean_menu_typo_transform":"","ocean_menu_typo_transform_tablet":"","ocean_menu_typo_transform_mobile":"","ocean_menu_typo_line_height":0,"ocean_menu_typo_line_height_tablet":0,"ocean_menu_typo_line_height_mobile":0,"ocean_menu_typo_line_height_unit":"","ocean_menu_typo_spacing":0,"ocean_menu_typo_spacing_tablet":0,"ocean_menu_typo_spacing_mobile":0,"ocean_menu_typo_spacing_unit":"","ocean_menu_link_color":"","ocean_menu_link_color_hover":"","ocean_menu_link_color_active":"","ocean_menu_link_background":"","ocean_menu_link_hover_background":"","ocean_menu_link_active_background":"","ocean_menu_social_links_bg":"","ocean_menu_social_hover_links_bg":"","ocean_menu_social_links_color":"","ocean_menu_social_hover_links_color":"","ocean_disable_title":"default","ocean_disable_heading":"default","ocean_post_title":"","ocean_post_subheading":"","ocean_post_title_style":"","ocean_post_title_background_color":"","ocean_post_title_background":0,"ocean_post_title_bg_image_position":"","ocean_post_title_bg_image_attachment":"","ocean_post_title_bg_image_repeat":"","ocean_post_title_bg_image_size":"","ocean_post_title_height":0,"ocean_post_title_bg_overlay":0.5,"ocean_post_title_bg_overlay_color":"","ocean_disable_breadcrumbs":"default","ocean_breadcrumbs_color":"","ocean_breadcrumbs_separator_color":"","ocean_breadcrumbs_links_color":"","ocean_breadcrumbs_links_hover_color":"","ocean_display_footer_widgets":"default","ocean_display_footer_bottom":"default","ocean_custom_footer_template":"","footnotes":""},"class_list":["post-1426","page","type-page","status-publish","hentry","entry","owp-thumbs-layout-horizontal","owp-btn-normal","owp-tabs-layout-horizontal","has-no-thumbnails"],"_links":{"self":[{"href":"https:\/\/botiga-upf.com\/es\/wp-json\/wp\/v2\/pages\/1426","targetHints":{"allow":["GET"]}}],"collection":[{"href":"https:\/\/botiga-upf.com\/es\/wp-json\/wp\/v2\/pages"}],"about":[{"href":"https:\/\/botiga-upf.com\/es\/wp-json\/wp\/v2\/types\/page"}],"author":[{"embeddable":true,"href":"https:\/\/botiga-upf.com\/es\/wp-json\/wp\/v2\/users\/1"}],"replies":[{"embeddable":true,"href":"https:\/\/botiga-upf.com\/es\/wp-json\/wp\/v2\/comments?post=1426"}],"version-history":[{"count":2,"href":"https:\/\/botiga-upf.com\/es\/wp-json\/wp\/v2\/pages\/1426\/revisions"}],"predecessor-version":[{"id":1434,"href":"https:\/\/botiga-upf.com\/es\/wp-json\/wp\/v2\/pages\/1426\/revisions\/1434"}],"wp:attachment":[{"href":"https:\/\/botiga-upf.com\/es\/wp-json\/wp\/v2\/media?parent=1426"}],"curies":[{"name":"wp","href":"https:\/\/api.w.org\/{rel}","templated":true}]}}